{"id":410,"date":"2024-02-23T09:48:50","date_gmt":"2024-02-23T12:48:50","guid":{"rendered":"https:\/\/sejavirtual.com.br\/?page_id=410"},"modified":"2024-02-23T09:49:50","modified_gmt":"2024-02-23T12:49:50","slug":"o-que-e-o-tour-virtual-360o","status":"publish","type":"page","link":"https:\/\/sejavirtual.com.br\/index.php\/o-que-e-o-tour-virtual-360o\/","title":{"rendered":"O que \u00e9 o tour virtual 360\u00ba?"},"content":{"rendered":"\n<figure class=\"wp-block-image size-large\"><img loading=\"lazy\" decoding=\"async\" width=\"1024\" height=\"683\" src=\"https:\/\/sejavirtual.com.br\/wp-content\/uploads\/2024\/02\/Tour-virtual-360o-quais-as-vantagens-de-utilizar-scaled-3-1024x683.jpg\" alt=\"\" class=\"wp-image-411\" srcset=\"https:\/\/sejavirtual.com.br\/wp-content\/uploads\/2024\/02\/Tour-virtual-360o-quais-as-vantagens-de-utilizar-scaled-3-1024x683.jpg 1024w, https:\/\/sejavirtual.com.br\/wp-content\/uploads\/2024\/02\/Tour-virtual-360o-quais-as-vantagens-de-utilizar-scaled-3-300x200.jpg 300w, https:\/\/sejavirtual.com.br\/wp-content\/uploads\/2024\/02\/Tour-virtual-360o-quais-as-vantagens-de-utilizar-scaled-3-768x512.jpg 768w, https:\/\/sejavirtual.com.br\/wp-content\/uploads\/2024\/02\/Tour-virtual-360o-quais-as-vantagens-de-utilizar-scaled-3-1536x1024.jpg 1536w, https:\/\/sejavirtual.com.br\/wp-content\/uploads\/2024\/02\/Tour-virtual-360o-quais-as-vantagens-de-utilizar-scaled-3-2048x1366.jpg 2048w\" sizes=\"(max-width: 1024px) 100vw, 1024px\" \/><\/figure>\n\n\n\n<p>Hoje em dia, a tecnologia nos possibilita avaliar um produto ou servi\u00e7o \u00e0 dist\u00e2ncia, a internet disponibiliza ferramentas para tal, uma delas \u00e9 o Tour 360\u00ba.<\/p>\n\n\n\n<p>Antes de contratar um servi\u00e7o, o consumidor pesquisa at\u00e9 os detalhes para ter a certeza da escolha.<\/p>\n\n\n\n<p>O tour virtual 360\u00ba est\u00e1 sendo adotado por muitos corretores e imobili\u00e1rias, com o prop\u00f3sito de mostrar todos os detalhes de casas e apartamentos, de maneira simples e r\u00e1pida, possibilitando ao interessado analisar todos os detalhes do im\u00f3vel.<\/p>\n\n\n\n<p>Quer saber mais?&nbsp;<\/p>\n\n\n\n<p>Boa leitura!<\/p>\n\n\n\n<h2 class=\"wp-block-heading\">O que \u00e9 o tour virtual 360\u00ba?<\/h2>\n\n\n\n<p>O tour virtual 360\u00ba \u00e9 um recurso interativo que possibilita a visualiza\u00e7\u00e3o de um local a partir de fotos feitas.<\/p>\n\n\n\n<p>A tecnologia une as fotos, trazendo a experi\u00eancia para o visitante, como se estivesse dentro do local.<\/p>\n\n\n\n<p>Hoje existem plataformas espec\u00edficas que criam essas fotos e fazem toda a montagem.<\/p>\n\n\n\n<h2 class=\"wp-block-heading\">Vantagens do tour virtual 360\u00ba<\/h2>\n\n\n\n<p>As imobili\u00e1rias est\u00e3o adotando essa modalidade de visita, para otimizar o atendimento, permitir que as pessoas visitem o im\u00f3vel sem estar de corpo presente.<\/p>\n\n\n\n<p>Vejas as principais vantagens ao incluir o tour virtual 360\u00ba em seus an\u00fancios de vendas e loca\u00e7\u00e3o:&nbsp;<\/p>\n\n\n\n<h3 class=\"wp-block-heading\">Economia&nbsp;<\/h3>\n\n\n\n<p>Economizar \u00e9 sempre uma boa ideia, ainda mais quando a economia de custos vai beneficiar os dois lados da negocia\u00e7\u00e3o.<\/p>\n\n\n\n<p>Ao investir no tour virtual, o corretor n\u00e3o vai precisar se deslocar at\u00e9 ao im\u00f3vel para mostrar o im\u00f3vel e que muitas vezes n\u00e3o acontece somente uma vez, pode ocorrer de ter que se deslocar mais de uma vez.<\/p>\n\n\n\n<p>Os clientes tamb\u00e9m agradecem, n\u00e3o precisar ir visitar presencialmente o local, evitando gastos desnecess\u00e1rios.<\/p>\n\n\n\n<h3 class=\"wp-block-heading\">Ganho de tempo&nbsp;<\/h3>\n\n\n\n<p>Conseguir visitar v\u00e1rios lugares sem precisar sair do lugar, com apenas alguns cliques \u00e9 muito bom!<\/p>\n\n\n\n<p>Imagina aquele cliente que precisa avaliar v\u00e1rias possibilidades e tem pouco tempo?<\/p>\n\n\n\n<p>Com o tour virtual seus clientes podem visitar seus im\u00f3veis 24h por dia, 7 dias por semana.<\/p>\n\n\n\n<p>Essa tecnologia representa ganhos de muitos minutos ou at\u00e9 horas, representando um ganho de 40 do tempo desperdi\u00e7ado com visitas presenciais.<\/p>\n\n\n\n<h3 class=\"wp-block-heading\">Praticidade ao seu cliente<\/h3>\n\n\n\n<p>Para seu futuro cliente \u00e9 muito cansativo visitar diversos im\u00f3veis durante dias, com a possibilidade de visita virtual, em poucos cliques, pode visitar v\u00e1rios im\u00f3veis sem sair do lugar.<\/p>\n\n\n\n<p>Sem contar que alguns detalhes do m\u00f3vel podem ser melhor apreciados e a visita pode ser realizada mais de uma \u00fanica vez.<\/p>\n\n\n\n<h3 class=\"wp-block-heading\">Diferencial competitivo&nbsp;<\/h3>\n\n\n\n<p>A imobili\u00e1ria que conta com o passeio virtual n\u00e3o precisa respeitar hor\u00e1rios espec\u00edficos para as visitas, podendo ao mesmo tempo muitas pessoas visitarem os im\u00f3veis.&nbsp;<\/p>\n\n\n\n<p>\u00c9 um diferencial competitivo para a sua empresa, os cliente ficam mais satisfeitos tamb\u00e9m, praticidade nas visitas.&nbsp;<\/p>\n\n\n\n<p>&nbsp;<strong>Maior visibilidade nos an\u00fancios<\/strong><\/p>\n\n\n\n<p>Segundo pesquisas, os an\u00fancios de im\u00f3veis que possuem tour 360\u00ba recebem de 40% a 50% mais cliques do que os an\u00fancios que possuem somente fotos.<\/p>\n\n\n\n<p>Al\u00e9m disso, o tempo m\u00e9dio de visita em uma p\u00e1gina com tour virtual aumenta em 5x em compara\u00e7\u00e3o a um site somente com galeria de fotos.<\/p>\n\n\n\n<p>Gostou desse conte\u00fado? Voc\u00ea j\u00e1 disponibiliza a visita virtual na sua imobili\u00e1ria?&nbsp;<\/p>\n\n\n\n<p><\/p>\n","protected":false},"excerpt":{"rendered":"<p>Hoje em dia, a tecnologia nos possibilita avaliar um produto ou servi\u00e7o \u00e0 dist\u00e2ncia, a internet disponibiliza ferramentas para tal, uma delas \u00e9 o Tour 360\u00ba. Antes de contratar um servi\u00e7o, o consumidor pesquisa at\u00e9 os detalhes para ter a certeza da escolha. O tour virtual 360\u00ba est\u00e1 sendo adotado por muitos corretores e imobili\u00e1rias,&#8230;<\/p>\n","protected":false},"author":1,"featured_media":0,"parent":0,"menu_order":0,"comment_status":"closed","ping_status":"closed","template":"","meta":{"sfsi_plus_gutenberg_text_before_share":"","sfsi_plus_gutenberg_show_text_before_share":"","sfsi_plus_gutenberg_icon_type":"","sfsi_plus_gutenberg_icon_alignemt":"","sfsi_plus_gutenburg_max_per_row":"","footnotes":""},"_links":{"self":[{"href":"https:\/\/sejavirtual.com.br\/index.php\/wp-json\/wp\/v2\/pages\/410"}],"collection":[{"href":"https:\/\/sejavirtual.com.br\/index.php\/wp-json\/wp\/v2\/pages"}],"about":[{"href":"https:\/\/sejavirtual.com.br\/index.php\/wp-json\/wp\/v2\/types\/page"}],"author":[{"embeddable":true,"href":"https:\/\/sejavirtual.com.br\/index.php\/wp-json\/wp\/v2\/users\/1"}],"replies":[{"embeddable":true,"href":"https:\/\/sejavirtual.com.br\/index.php\/wp-json\/wp\/v2\/comments?post=410"}],"version-history":[{"count":2,"href":"https:\/\/sejavirtual.com.br\/index.php\/wp-json\/wp\/v2\/pages\/410\/revisions"}],"predecessor-version":[{"id":413,"href":"https:\/\/sejavirtual.com.br\/index.php\/wp-json\/wp\/v2\/pages\/410\/revisions\/413"}],"wp:attachment":[{"href":"https:\/\/sejavirtual.com.br\/index.php\/wp-json\/wp\/v2\/media?parent=410"}],"curies":[{"name":"wp","href":"https:\/\/api.w.org\/{rel}","templated":true}]}}